{"id":120,"date":"2025-06-18T17:08:45","date_gmt":"2025-06-18T15:08:45","guid":{"rendered":"https:\/\/www.spolek.org\/test\/?page_id=120"},"modified":"2025-07-28T09:54:07","modified_gmt":"2025-07-28T07:54:07","slug":"podporujeme","status":"publish","type":"page","link":"https:\/\/www.spolek.org\/en\/podporujeme\/","title":{"rendered":"Supporting"},"content":{"rendered":"<div class=\"wp-block-group alignfull is-style-section-1 has-base-background-color has-background has-global-padding is-layout-constrained wp-block-group-is-layout-constrained is-style-section-1--1\" style=\"margin-top:0;margin-bottom:0;padding-top:0;padding-bottom:0\">\n<div class=\"wp-block-columns alignwide is-layout-flex wp-container-core-columns-is-layout-188233a6 wp-block-columns-is-layout-flex\" style=\"margin-top:0;margin-bottom:0;padding-top:0;padding-bottom:0\">\n<div class=\"wp-block-column is-layout-flow wp-block-column-is-layout-flow\" style=\"padding-right:var(--wp--preset--spacing--50)\">\n<figure class=\"wp-block-image size-large\"><a href=\"\/wp-content\/uploads\/2025\/07\/ruce-3.png\"><img decoding=\"async\" src=\"\/wp-content\/uploads\/2025\/07\/ruce-3.png\" alt=\"Ruce\"\/><\/a><\/figure>\n<\/div>\n\n\n\n<div class=\"wp-block-column is-vertically-aligned-center is-layout-flow wp-block-column-is-layout-flow\" style=\"padding-right:0;padding-left:0;flex-basis:50%\">\n<p class=\"is-style-default has-large-font-size\">We support organizations and projects that care for seniors, helping them live with dignity, safety, and meaningful social ties. We contribute to services, equipment, and activities that improve the quality of life for survivors and future generations. We also fund projects that commemorate the victims of the Holocaust.<\/p>\n<\/div>\n<\/div>\n<\/div>\n\n\n\n<div class=\"wp-block-group alignwide is-style-default has-global-padding is-layout-constrained wp-container-core-group-is-layout-2b449249 wp-block-group-is-layout-constrained\" style=\"margin-top:var(--wp--preset--spacing--50);margin-bottom:var(--wp--preset--spacing--50);padding-top:var(--wp--preset--spacing--30);padding-bottom:var(--wp--preset--spacing--30)\">\n<h2 class=\"wp-block-heading alignwide\">Supporting<\/h2>\n\n\n\n<div class=\"wp-block-columns alignwide is-layout-flex wp-container-core-columns-is-layout-87beb0d0 wp-block-columns-is-layout-flex\">\n<div class=\"wp-block-column info-card is-layout-flow wp-block-column-is-layout-flow\">\n<figure class=\"wp-block-image size-large card-image\" style=\"margin-bottom:24px\"><img decoding=\"async\" src=\"\/wp-content\/uploads\/2025\/06\/Hagibor-2.jpg\" alt=\"Domov soci\u00e1ln\u00ed p\u00e9\u010de Hagibor\" style=\"aspect-ratio:4\/3;object-fit:cover\"\/><\/figure>\n\n\n\n<h3 class=\"wp-block-heading\">Hagibor Social Care Home<\/h3>\n\n\n\n<p style=\"font-size:clamp(0.875rem, 0.875rem + ((1vw - 0.2rem) * 0.196), 1rem);\"><strong><a href=\"https:\/\/www.kehilaprag.cz\/cs\/dsp-hagibor\">Hagibor<\/a><\/strong> is a flagship project of the Jewish Community of Prague and one of the largest social care initiatives in the country. The mission of the care home is to provide a wide range of social services to Holocaust survivors and their loved ones.<\/p>\n\n\n\n<details class=\"wp-block-details is-layout-flow wp-block-details-is-layout-flow\" style=\"font-size:clamp(0.875rem, 0.875rem + ((1vw - 0.2rem) * 0.196), 1rem);\"><summary>read more<\/summary>\n<p style=\"font-size:clamp(0.875rem, 0.875rem + ((1vw - 0.2rem) * 0.196), 1rem);\">Key social services include comfortable accommodation, nursing care, and quality meal. Social-therapeutic services are also provided, along with group and individual activities. <\/p>\n\n\n\n<p style=\"font-size:clamp(0.875rem, 0.875rem + ((1vw - 0.2rem) * 0.196), 1rem);\">Special emphasis is placed on an individual approach to each person and on preserving human dignity even in difficult life situations.<\/p>\n\n\n\n<p style=\"font-size:clamp(0.875rem, 0.875rem + ((1vw - 0.2rem) * 0.196), 1rem);\">The care principles at Hagibor are rooted in the general values of Judaism. As a result, Jewish traditions are observed in the home, Jewish holidays are celebrated, and kosher meals are provided.<\/p>\n<\/details>\n<\/div>\n\n\n\n<div class=\"wp-block-column info-card is-layout-flow wp-block-column-is-layout-flow\">\n<figure class=\"wp-block-image size-large card-image\" style=\"margin-bottom:24px\"><img decoding=\"async\" src=\"\/wp-content\/uploads\/2025\/06\/Ezra.jpg\" alt=\"Ezra - s\u00eddlo\" style=\"aspect-ratio:4\/3;object-fit:cover\"\/><\/figure>\n\n\n\n<h3 class=\"wp-block-heading\">Ezra<\/h3>\n\n\n\n<p style=\"font-size:clamp(0.875rem, 0.875rem + ((1vw - 0.2rem) * 0.196), 1rem);\">Comprehensive in-home social care <a href=\"https:\/\/www.kehilaprag.cz\/cs\/ezra\" data-type=\"link\" data-id=\"https:\/\/www.kehilaprag.cz\/cs\/ezra\"><strong>EZRA<\/strong><\/a> is a registered field-based social service of the personal assistance type, operated by the Jewish Community of Prague as a non-state healthcare provider. <\/p>\n\n\n\n<details class=\"wp-block-details is-layout-flow wp-block-details-is-layout-flow\" style=\"font-size:clamp(0.875rem, 0.875rem + ((1vw - 0.2rem) * 0.196), 1rem);\"><summary>read more<\/summary>\n<p style=\"font-size:clamp(0.875rem, 0.875rem + ((1vw - 0.2rem) * 0.196), 1rem);\">EZRA enables its clients to combine health and social care directly in their home environment\u2014sensitively tailored to their individual needs and life circumstances.<\/p>\n\n\n\n<p style=\"font-size:clamp(0.875rem, 0.875rem + ((1vw - 0.2rem) * 0.196), 1rem);\">An integral part of this care is occupational therapy, which our association helps fund. Occupational therapy services are provided either upon recommendation from the attending physician or directly based on input from EZRA staff.<\/p>\n\n\n\n<p style=\"font-size:clamp(0.875rem, 0.875rem + ((1vw - 0.2rem) * 0.196), 1rem);\">The occupational therapist visits clients either at home or in an institution (such as a hospital) and, after an initial assessment, develops an individual occupational therapy plan. This may include therapeutic exercises, counselling, recommendations for suitable assistive devices, and other supportive measures aimed at enhancing the client\u2019s independence and quality of life.<\/p>\n<\/details>\n<\/div>\n\n\n\n<div class=\"wp-block-column info-card is-layout-flow wp-block-column-is-layout-flow\">\n<figure class=\"wp-block-image size-large card-image\" style=\"margin-bottom:24px\"><img decoding=\"async\" src=\"\/wp-content\/uploads\/2025\/06\/rafael-institut.jpg\" alt=\"Rafael Institut\" style=\"aspect-ratio:4\/3;object-fit:cover\"\/><\/figure>\n\n\n\n<h3 class=\"wp-block-heading\">Rafael Institut<\/h3>\n\n\n\n<p style=\"font-size:clamp(0.875rem, 0.875rem + ((1vw - 0.2rem) * 0.196), 1rem);\"><strong><a href=\"https:\/\/www.rafaelinstitut.cz\/\">Rafael Institut<\/a><\/strong> brings together psychotherapists and professionals from helping fields who focus on the treatment and prevention of psychological trauma, including transgenerational transmission.<\/p>\n\n\n\n<details class=\"wp-block-details is-layout-flow wp-block-details-is-layout-flow\" style=\"font-size:clamp(0.875rem, 0.875rem + ((1vw - 0.2rem) * 0.196), 1rem);\"><summary>read more<\/summary>\n<p style=\"font-size:clamp(0.875rem, 0.875rem + ((1vw - 0.2rem) * 0.196), 1rem);\">Some psychotherapists have personal or family experience with coping with trauma and are closely familiar with the processes of intergenerational transmission of trauma\u2014for example, from the Holocaust\u2014or have been working with this issue for many years.<\/p>\n\n\n\n<p style=\"font-size:clamp(0.875rem, 0.875rem + ((1vw - 0.2rem) * 0.196), 1rem);\">For many years, the Rafael Institute has organized interdisciplinary conferences focused on the topic of trauma in various psychological, social, historical, and political contexts. The choice of themes usually reflects current societal events and is presented by experts from multiple fields.<\/p>\n<\/details>\n<\/div>\n<\/div>\n\n\n\n<div class=\"wp-block-columns alignwide is-layout-flex wp-container-core-columns-is-layout-87beb0d0 wp-block-columns-is-layout-flex\">\n<div class=\"wp-block-column info-card is-layout-flow wp-block-column-is-layout-flow\">\n<figure class=\"wp-block-image size-large card-image is-style-default wp-duotone-unset-2\" style=\"margin-bottom:24px\"><img decoding=\"async\" src=\"\/wp-content\/uploads\/2025\/07\/NFOH-3.jpg\" alt=\"Nada\u010dn\u00ed fond ob\u011btem holocaustu\" style=\"aspect-ratio:4\/3;object-fit:cover\"\/><\/figure>\n\n\n\n<h3 class=\"wp-block-heading\">Foundation for Holocaust Victims<\/h3>\n\n\n\n<p style=\"font-size:clamp(0.875rem, 0.875rem + ((1vw - 0.2rem) * 0.196), 1rem);\"><a href=\"https:\/\/fondholocaust.cz\/\"><strong>Foundation for Holocaust Victims<\/strong><\/a> (NFOH) provides endowment benefits for social and health care services with special attention to the needs of Holocaust survivors. The Fund also supports reconstruction, restoration and preservation of movable and immovable Jewish monuments in the Czech Republic and supports projects serving to commemorate Holocaust victims with dignity.<\/p>\n\n\n\n<details class=\"wp-block-details is-layout-flow wp-block-details-is-layout-flow\" style=\"font-size:clamp(0.875rem, 0.875rem + ((1vw - 0.2rem) * 0.196), 1rem);\"><summary>read more<\/summary>\n<p style=\"font-size:clamp(0.875rem, 0.875rem + ((1vw - 0.2rem) * 0.196), 1rem);\">NFOH rovn\u011b\u017e podporuje vzd\u011bl\u00e1vac\u00ed aktivity v oblasti judaismu, rozvoj \u017eidovsk\u00fdch komunit v&nbsp;\u010cR a bezpe\u010dnost \u017eidovsk\u00fdch obc\u00ed a Federace \u017eidovsk\u00fdch obc\u00ed v&nbsp;\u010cR.<\/p>\n\n\n\n<p style=\"font-size:clamp(0.875rem, 0.875rem + ((1vw - 0.2rem) * 0.196), 1rem);\">The association supports educational seminars for staff of Jewish organizations and services caring for Holocaust survivors, with a focus on stress management.<\/p>\n<\/details>\n<\/div>\n\n\n\n<div class=\"wp-block-column info-card is-layout-flow wp-block-column-is-layout-flow\">\n<figure class=\"wp-block-image size-large card-image\" style=\"margin-bottom:24px\"><img decoding=\"async\" src=\"\/wp-content\/uploads\/2025\/06\/jas-logo.jpg\" alt=\"Agentura JAS - logo\" style=\"aspect-ratio:4\/3;object-fit:contain\"\/><\/figure>\n\n\n\n<h3 class=\"wp-block-heading\">JAS Agentura<\/h3>\n\n\n\n<p style=\"font-size:clamp(0.875rem, 0.875rem + ((1vw - 0.2rem) * 0.196), 1rem);\"><strong><a href=\"https:\/\/www.zob.cz\/obec\/jas-agentura\/\">JAS Agentura<\/a><\/strong> supports people facing difficult life situations caused by age, poor health, or adverse social circumstances. The aim of the care is to meet the users\u2019 basic needs with a focus on quality and the prevention of social exclusion.<\/p>\n\n\n\n<details class=\"wp-block-details is-layout-flow wp-block-details-is-layout-flow\" style=\"font-size:clamp(0.875rem, 0.875rem + ((1vw - 0.2rem) * 0.196), 1rem);\"><summary>read more<\/summary>\n<p style=\"font-size:clamp(0.875rem, 0.875rem + ((1vw - 0.2rem) * 0.196), 1rem);\">The service enables clients to remain in their home environment for as long as possible. Activities include home and institutional visits, caregiving tasks in clients\u2019 households, social work, operation of a Senior Club, physical exercise and memory training, running errands for clients, and providing transport to medical appointments and public institutions.<\/p>\n\n\n\n<p>We supported the JAS agency through the Endowment Fund for Holocaust Victims (NFOH).<\/p>\n<\/details>\n<\/div>\n\n\n\n<div class=\"wp-block-column info-card is-layout-flow wp-block-column-is-layout-flow\">\n<figure class=\"wp-block-image size-large card-image\" style=\"margin-bottom:24px\"><img decoding=\"async\" src=\"\/wp-content\/uploads\/2025\/06\/Tikvah-e1750334621738.png\" alt=\"Agentura dom\u00e1c\u00ed p\u00e9\u010de Tikvah\" style=\"aspect-ratio:4\/3;object-fit:contain\"\/><\/figure>\n\n\n\n<h3 class=\"wp-block-heading\">Tikvah<\/h3>\n\n\n\n<p style=\"font-size:clamp(0.875rem, 0.875rem + ((1vw - 0.2rem) * 0.196), 1rem);\">Home Care Agency <strong><a href=\"https:\/\/www.kehila-ostrava.cz\/agentura-domaci-pece\">Tikvah<\/a><\/strong> operating under the Jewish Community of Ostrava, focuses on the needs of Holocaust survivors. The service is provided in clients\u2019 homes and supports them in challenging life situations related to loneliness, old age, illness, or disability.<\/p>\n\n\n\n<details class=\"wp-block-details is-layout-flow wp-block-details-is-layout-flow\" style=\"font-size:clamp(0.875rem, 0.875rem + ((1vw - 0.2rem) * 0.196), 1rem);\"><summary>read more<\/summary>\n<p style=\"font-size:clamp(0.875rem, 0.875rem + ((1vw - 0.2rem) * 0.196), 1rem);\">People using home care services can remain in their own homes, live with dignity, and stay engaged in everyday social life. Tikvah helps meet their basic needs, provides social counselling, and supports the development of clients\u2019 personal abilities and skills through activation and educational programs aimed at social integration.<\/p>\n\n\n\n<p style=\"font-size:clamp(0.875rem, 0.875rem + ((1vw - 0.2rem) * 0.196), 1rem);\">We support the Tikvah agency through the Endowment Fund for Holocaust Victims (NFOH) by contributing to the purchase of equipment that improves clients\u2019 quality of life and eases the work of caregivers.<\/p>\n<\/details>\n<\/div>\n<\/div>\n<\/div>","protected":false},"excerpt":{"rendered":"<p>Podporujeme organizace a projekty pe\u010duj\u00edc\u00ed o seniory tak, aby \u017eili d\u016fstojn\u011b, bezpe\u010dn\u011b a v kontaktu s okol\u00edm. P\u0159isp\u00edv\u00e1me na slu\u017eby, pom\u016fcky i aktivity, kter\u00e9 zlep\u0161uj\u00ed kvalitu \u017eivota p\u0159e\u017eiv\u0161\u00edch i dal\u0161\u00edch generac\u00ed. Financujeme projekty p\u0159ipom\u00ednaj\u00edc\u00ed ob\u011bti holocaustu. Podporujeme Domov soci\u00e1ln\u00ed p\u00e9\u010de Hagibor DSPH je v\u00fdjime\u010dn\u00fd projekt \u017didovsk\u00e9 obce v Praze, kter\u00fd pat\u0159\u00ed k nejv\u011bt\u0161\u00edm projekt\u016fm v [&hellip;]<\/p>\n","protected":false},"author":2,"featured_media":0,"parent":0,"menu_order":0,"comment_status":"closed","ping_status":"closed","template":"","meta":{"footnotes":""},"class_list":["post-120","page","type-page","status-publish","hentry"],"_links":{"self":[{"href":"https:\/\/www.spolek.org\/en\/wp-json\/wp\/v2\/pages\/120","targetHints":{"allow":["GET"]}}],"collection":[{"href":"https:\/\/www.spolek.org\/en\/wp-json\/wp\/v2\/pages"}],"about":[{"href":"https:\/\/www.spolek.org\/en\/wp-json\/wp\/v2\/types\/page"}],"author":[{"embeddable":true,"href":"https:\/\/www.spolek.org\/en\/wp-json\/wp\/v2\/users\/2"}],"replies":[{"embeddable":true,"href":"https:\/\/www.spolek.org\/en\/wp-json\/wp\/v2\/comments?post=120"}],"version-history":[{"count":72,"href":"https:\/\/www.spolek.org\/en\/wp-json\/wp\/v2\/pages\/120\/revisions"}],"predecessor-version":[{"id":530,"href":"https:\/\/www.spolek.org\/en\/wp-json\/wp\/v2\/pages\/120\/revisions\/530"}],"wp:attachment":[{"href":"https:\/\/www.spolek.org\/en\/wp-json\/wp\/v2\/media?parent=120"}],"curies":[{"name":"wp","href":"https:\/\/api.w.org\/{rel}","templated":true}]}}