{"id":199,"date":"2025-07-07T20:19:05","date_gmt":"2025-07-07T18:19:05","guid":{"rendered":"https:\/\/www.spolek.org\/test\/?page_id=199"},"modified":"2025-07-28T21:48:50","modified_gmt":"2025-07-28T19:48:50","slug":"pamet-2","status":"publish","type":"page","link":"https:\/\/www.spolek.org\/en\/pamet-2\/","title":{"rendered":"Memory"},"content":{"rendered":"<div class=\"wp-block-group alignwide has-global-padding is-layout-constrained wp-block-group-is-layout-constrained\" id=\"stolpersteine\">\n<h2 class=\"wp-block-heading\">Stolpersteine \u2013 Stones for the Disappeared<\/h2>\n\n\n\n<div class=\"wp-block-columns is-layout-flex wp-container-core-columns-is-layout-28f84493 wp-block-columns-is-layout-flex\">\n<div class=\"wp-block-column has-global-padding is-content-justification-center is-layout-constrained wp-block-column-is-layout-constrained\" style=\"flex-basis:200px\">\n<figure class=\"wp-block-image size-full\"><img loading=\"lazy\" decoding=\"async\" width=\"1024\" height=\"1024\" src=\"https:\/\/www.spolek.org\/wp-content\/uploads\/2025\/07\/Janicka.webp\" alt=\"Stolperstein\" class=\"wp-image-200\" srcset=\"https:\/\/www.spolek.org\/wp-content\/uploads\/2025\/07\/Janicka.webp 1024w, https:\/\/www.spolek.org\/wp-content\/uploads\/2025\/07\/Janicka-300x300.webp 300w, https:\/\/www.spolek.org\/wp-content\/uploads\/2025\/07\/Janicka-150x150.webp 150w, https:\/\/www.spolek.org\/wp-content\/uploads\/2025\/07\/Janicka-768x768.webp 768w\" sizes=\"auto, (max-width: 1024px) 100vw, 1024px\" \/><\/figure>\n<\/div>\n\n\n\n<div class=\"wp-block-column is-layout-flow wp-block-column-is-layout-flow\" style=\"flex-basis:66.66%\">\n<p class=\"has-medium-font-size\">Literally \u201cstones one is meant to stumble over (with one\u2019s eyes).\u201d These are special cobblestones with a brass surface, set into the pavement in front of the former homes of Holocaust victims and others persecuted by the Nazi regime.<\/p>\n\n\n\n<p class=\"has-medium-font-size\">Stolpersteine jsou projektem n\u011bmeck\u00e9ho um\u011blce\u00a0<a href=\"https:\/\/cs.wikipedia.org\/wiki\/Gunter_Demnig\">Guntera Demniga<\/a>. Prvn\u00ed k\u00e1men byl polo\u017een 16. prosince 1992 p\u0159ed radnic\u00ed v\u00a0Kol\u00edn\u011b nad R\u00fdnem. My\u0161lenka se postupn\u011b roz\u0161\u00ed\u0159ila do cel\u00e9 Evropy a nov\u00e9 kameny se pokl\u00e1daj\u00ed ka\u017ed\u00fdm rokem.<\/p>\n\n\n\n<p class=\"has-medium-font-size\">Stolpersteine have been present in the Czech Republic since 2008. At least one stone has already been placed in over ten cities across the country. In Prague alone, more than 800 Stolpersteine have been installed. You can find more about the project at: <strong><a href=\"http:\/\/www.stolpersteinecz.cz\" target=\"_blank\" rel=\"noreferrer noopener\">www.stolpersteinecz.cz<\/a><\/strong>.<\/p>\n<\/div>\n<\/div>\n\n\n\n<hr class=\"wp-block-separator has-alpha-channel-opacity is-style-default\"\/>\n\n\n\n<div class=\"wp-block-columns is-layout-flex wp-container-core-columns-is-layout-87beb0d0 wp-block-columns-is-layout-flex\">\n<div class=\"wp-block-column is-vertically-aligned-center is-layout-flow wp-block-column-is-layout-flow\" style=\"flex-basis:15%\">\n<figure class=\"wp-block-image size-thumbnail is-resized\"><img loading=\"lazy\" decoding=\"async\" width=\"150\" height=\"150\" src=\"https:\/\/www.spolek.org\/wp-content\/uploads\/2025\/07\/Logo-urad-vlady-150x150.png\" alt=\"logo-urad-vlady\" class=\"wp-image-542\" style=\"width:80px\" srcset=\"https:\/\/www.spolek.org\/wp-content\/uploads\/2025\/07\/Logo-urad-vlady-150x150.png 150w, https:\/\/www.spolek.org\/wp-content\/uploads\/2025\/07\/Logo-urad-vlady-300x300.png 300w, https:\/\/www.spolek.org\/wp-content\/uploads\/2025\/07\/Logo-urad-vlady-768x768.png 768w, https:\/\/www.spolek.org\/wp-content\/uploads\/2025\/07\/Logo-urad-vlady-12x12.png 12w, https:\/\/www.spolek.org\/wp-content\/uploads\/2025\/07\/Logo-urad-vlady.png 1024w\" sizes=\"auto, (max-width: 150px) 100vw, 150px\" \/><\/figure>\n<\/div>\n\n\n\n<div class=\"wp-block-column is-layout-flow wp-block-column-is-layout-flow\" style=\"flex-basis:100%\">\n<p class=\"is-style-default has-medium-font-size\">The Project is being implemented in 2025 with financial support from the Office of the Government of the Czech Republic. The outputs of the Project do not represent the views of the Office of the Government of the Czech Republic, and the Office bears no responsibility for the use of the information contained in these outputs.<\/p>\n<\/div>\n<\/div>\n\n\n\n<hr class=\"wp-block-separator has-alpha-channel-opacity is-style-default\"\/>\n\n\n\n<div class=\"wp-block-columns is-layout-flex wp-container-core-columns-is-layout-28f84493 wp-block-columns-is-layout-flex\">\n<div class=\"wp-block-column has-global-padding is-content-justification-center is-layout-constrained wp-block-column-is-layout-constrained\" style=\"flex-basis:200px\"><\/div>\n\n\n\n<div class=\"wp-block-column is-layout-flow wp-block-column-is-layout-flow\" style=\"flex-basis:66.66%\">\n<p class=\"has-medium-font-size\">Video of the stone-laying ceremony in 2024:<\/p>\n\n\n\n<figure class=\"wp-block-embed is-type-video is-provider-youtube wp-block-embed-youtube wp-embed-aspect-16-9 wp-has-aspect-ratio\"><div class=\"wp-block-embed__wrapper\">\n<iframe loading=\"lazy\" title=\"Stolpersteine 2024\" width=\"500\" height=\"281\" src=\"https:\/\/www.youtube.com\/embed\/lGj9ZVU0U68?feature=oembed\" frameborder=\"0\" allow=\"accelerometer; autoplay; clipboard-write; encrypted-media; gyroscope; picture-in-picture; web-share\" referrerpolicy=\"strict-origin-when-cross-origin\" allowfullscreen><\/iframe>\n<\/div><\/figure>\n<\/div>\n<\/div>\n\n\n\n<div style=\"height:25px\" aria-hidden=\"true\" class=\"wp-block-spacer\"><\/div>\n\n\n\n<h2 class=\"wp-block-heading\" id=\"pamatnik-spravedlivym\">The Righteous Among the Nations<\/h2>\n\n\n\n<div class=\"wp-block-columns is-layout-flex wp-container-core-columns-is-layout-28f84493 wp-block-columns-is-layout-flex\">\n<div class=\"wp-block-column is-layout-flow wp-block-column-is-layout-flow\" style=\"flex-basis:200px\">\n<figure class=\"wp-block-image size-full\"><img loading=\"lazy\" decoding=\"async\" width=\"400\" height=\"400\" src=\"https:\/\/www.spolek.org\/wp-content\/uploads\/2025\/07\/pamatnik.jpg\" alt=\"Pam\u00e1tn\u00edk Spravedliv\u00fdch mezi n\u00e1rody\" class=\"wp-image-240\" srcset=\"https:\/\/www.spolek.org\/wp-content\/uploads\/2025\/07\/pamatnik.jpg 400w, https:\/\/www.spolek.org\/wp-content\/uploads\/2025\/07\/pamatnik-300x300.jpg 300w, https:\/\/www.spolek.org\/wp-content\/uploads\/2025\/07\/pamatnik-150x150.jpg 150w\" sizes=\"auto, (max-width: 400px) 100vw, 400px\" \/><\/figure>\n<\/div>\n\n\n\n<div class=\"wp-block-column is-layout-flow wp-block-column-is-layout-flow\" style=\"flex-basis:66.66%\">\n<p class=\"has-medium-font-size translation-block\">The Righteous Among the Nations award honors those Czech citizens who risked their lives during the Holocaust to save others. The original memorial plaque in the courtyard of the Pinkas Synagogue bears the names of 115 of these individuals. In reality, however, there were more \u2013 and we launched a fundraiser to restore the memorial and add the missing names.\n<strong>The fundraiser was successful, and we sincerely thank all the donors.<\/strong>.<\/p>\n\n\n\n<p class=\"has-medium-font-size\">The ceremonial unveiling of the memorial plaque will take place on September 18, 2025, at 5:00 PM, in the presence of the plaque\u2019s designers.<\/p>\n<\/div>\n<\/div>\n\n\n\n<div style=\"height:25px\" aria-hidden=\"true\" class=\"wp-block-spacer\"><\/div>\n\n\n\n<h2 class=\"wp-block-heading\">Unto the Third Generation<\/h2>\n\n\n\n<p class=\"has-small-font-size\"><a href=\"https:\/\/cs.wikipedia.org\/wiki\/Helena_Kl\u00edmov\u00e1\">Helena Kl\u00edmov\u00e1<\/a>, psychotherapist, writer, and Charter 77 signatory<\/p>\n\n\n\n<div class=\"wp-block-columns is-layout-flex wp-container-core-columns-is-layout-28f84493 wp-block-columns-is-layout-flex\">\n<div class=\"wp-block-column is-layout-flow wp-block-column-is-layout-flow\" style=\"flex-basis:200px\">\n<figure class=\"wp-block-image size-large\"><img loading=\"lazy\" decoding=\"async\" width=\"1024\" height=\"1024\" src=\"https:\/\/www.spolek.org\/wp-content\/uploads\/2025\/07\/trauma-1024x1024.jpg\" alt=\"Trauma\" class=\"wp-image-280\" srcset=\"https:\/\/www.spolek.org\/wp-content\/uploads\/2025\/07\/trauma-1024x1024.jpg 1024w, https:\/\/www.spolek.org\/wp-content\/uploads\/2025\/07\/trauma-300x300.jpg 300w, https:\/\/www.spolek.org\/wp-content\/uploads\/2025\/07\/trauma-150x150.jpg 150w, https:\/\/www.spolek.org\/wp-content\/uploads\/2025\/07\/trauma-768x768.jpg 768w, https:\/\/www.spolek.org\/wp-content\/uploads\/2025\/07\/trauma.jpg 1179w\" sizes=\"auto, (max-width: 1024px) 100vw, 1024px\" \/><\/figure>\n\n\n\n<p style=\"font-size:0.75rem\">illustrative photo: <a href=\"https:\/\/unsplash.com\/@nickrbolton?utm_content=creditCopyText&amp;utm_medium=referral&amp;utm_source=unsplash\">Nick Bolton<\/a><\/p>\n<\/div>\n\n\n\n<div class=\"wp-block-column is-layout-flow wp-block-column-is-layout-flow\" style=\"flex-basis:66.66%\">\n<p class=\"has-medium-font-size\">It\u2019s early afternoon. I open my office, curious about the new client who had reached out to me. A university student arrives\u2014about the age of my granddaughters. Large brown eyes, upright posture, clothes that suit her frame, a calm voice with a well-balanced, low tone, a firm handshake\u2014the first impression is pleasant. She sits down in the armchair and begins to speak. As if nothing were wrong\u2014except for a recurring nightmare that haunts her.<\/p>\n\n\n\n<p class=\"has-medium-font-size\">She\u2019s afraid to fall asleep\u2014it\u2019s always the same dream. She has to run, desperately fast; someone is chasing her; she\u2019s terrified. She runs, gasping for breath\u2014they want to kill her! She wakes up drenched in sweat, unable to fall back asleep... shaken until morning. But why does she keep having this dream over and over again? While awake, she has no worries\u2014no trouble at home, no issues at school, no problems with boys...<\/p>\n\n\n\n<details class=\"wp-block-details has-medium-font-size is-layout-flow wp-block-details-is-layout-flow\"><summary>read more<\/summary>\n<p class=\"has-medium-font-size\">I listen and ask questions\u2026 No, she didn\u2019t witness parental fights, nor was she in daycare at an early age. No childhood bullying, no trauma\u2026 she gets along well with her classmates\u2026 No, even her mother wasn\u2019t in daycare...\n\nAnd that\u2019s what\u2019s so strange, the girl circles back to her dreams. Each time, along with the terror, she also feels a sense of wonder\u2014why are they chasing her? She didn\u2019t do anything wrong\u2026<\/p>\n\n\n\n<p>And as I listen to her dream, a memory suddenly surfaces: I\u2019m a little girl in our apartment building in Sm\u00edchov, running down the stairs. The neighbor\u2019s children\u2014German children\u2014are chasing me, grabbing at me, tearing off my school satchel, shouting \u201cbl\u00f6de Jude,\u201d kicking me\u2026<\/p>\n\n\n\n<p class=\"has-medium-font-size\">\u201cAnd what about your grandparents?\u201d I ask the client. \u201cYour grandfather and grandmother?\u201d\nThe girl looks astonished. \u201cWell, that was ages ago, during the war\u2026 they were Jews, persecuted, in a concentration camp and all that\u2026 You think that\u2019s where my nightmares come from?\u201d<br><\/p>\n\n\n\n<p class=\"has-medium-font-size\">Another example: a colleague, a psychiatrist, refers one of his patients to me\u2014a university student struggling with depression. I invite him in and immediately notice how striking he is, both at first glance and first touch. He arrives wearing jeans so torn and worn out that they surpass even the boldest street fashion, and when we shake hands, his feels injured... As he begins to speak, I listen to the story of his self-harm.<\/p>\n\n\n\n<p class=\"has-medium-font-size\">But no, self-harm isn\u2019t the intention, the student says\u2014the intention is to triumph over danger. And when you\u2019re riding a bike downhill through forest ruts, or skiing headlong, or speeding on a motorcycle, injuries sometimes happen... but you always heal from the scrapes and broken bones in the end. And each time\u2014surviving again\u2014that\u2019s what it\u2019s all about, survival! Proving it to yourself!<\/p>\n\n\n\n<p class=\"has-medium-font-size\">This young man sees the connection quite openly: his mother has suffered all her life from various physical pains for which medicine offers no clear explanation. As if someone were causing her injuries\u2014but of course, that\u2019s not the case. And her mother, his grandmother, the young man says, was a hidden child during the war. A farmer hid her\u2014in a stable among horses\u2014and the little girl had to be constantly careful not to be struck by their hooves\u2026<\/p>\n\n\n\n<p class=\"has-medium-font-size\">The young man is intelligent; the logical connection between the fates of the three generations seems clear to him. As if, in some delayed way, he were doing something on behalf of his mother\u2014or rather his grandmother. As if he were overcoming the dangers and risks they once faced\u2014but risks he first has to create for himself... But isn\u2019t that explanation too simple, too bold? And then\u2014why is he still plagued by depression?<\/p>\n\n\n\n<p class=\"has-medium-font-size\">We don\u2019t have all the answers readily at hand, but we have hope that therapy will gradually help relieve the symptoms. I invite the young man to join a therapy group for descendants of Holocaust survivors. <\/p>\n\n\n\n<p class=\"has-medium-font-size\">We are careful not to see the connection between the persecution of parents and grandparents and the worries or suffering of later generations as too simple or one-dimensional. Nevertheless, the link between generational fates is supported by biological arguments as well\u2014epigenetic changes, alterations in inherited information. The descendants of traumatized people (and even so-called lower animals) carry in their bodily memory a message about potential danger\u2014a message meant to protect them.<\/p>\n\n\n\n<p class=\"has-medium-font-size\">And yet that message\u2014if we can understand it this way\u2014causes our clients all kinds of pain, distress, anxiety, and sleeplessness. What we aim to offer them in therapy is not just an intellectual explanation or rational understanding. Reason alone is not enough. What therapy offers is also something that\u2019s very difficult to explain purely through reason. Therapy provides an experience\u2014sometimes a repeated one\u2014one that contains a corrective emotional encounter: a kind of forgiveness, both of oneself and of fate, a sense of self-acceptance, and joy in one\u2019s being among others. This does not happen through intellectual insight alone; the transformation occurs in a way similar to how the original wound was formed\u2014through the lived experience of the whole being, including the body, the senses, and ideally through repeated emotional encounters.<\/p>\n\n\n\n<p class=\"has-medium-font-size\">The original wound was shaped not only by heredity but also by unconscious communication\u2014by the language of the body: how the father silently hid his tattoo, how the mother suddenly sighed and fell silent at certain words, how some topics were censored in family conversations, how voices were lowered and curtains drawn at home so as not to reveal something about ourselves\u2026 but what exactly?<\/p>\n\n\n\n<p class=\"has-medium-font-size\">Children initially absorb such messages as part of the natural order of the world. Only later do they become aware of their extraordinary nature\u2014through intellectual realization. But the part taken in during childhood, through the senses, remains untouched by reason. The body attempts to expel it, as it would any harmful element, yet lacks the tools, the language, the means to rid itself of it\u2014except through illness or disorder.<\/p>\n\n\n\n<p class=\"has-medium-font-size\">That\u2019s when psychotherapy seeks out and offers such a language. First and foremost, the royal road of dream interpretation, but also drawing, painting with group interpretation, role-play in which individuals empathize with each other\u2019s positions and, in doing so, better discover their own, and group dialogue\u2026\n\nTherapy may begin with rational insight, but it proceeds along sensory paths\u2014reaching into what lies beyond conscious awareness. It often employs the language of the body, thereby reconnecting with events from childhood, with a time that came before reason.<\/p>\n\n\n\n<p class=\"has-medium-font-size\">Trauma reaches across generations\u2014into the third and fourth\u2014touching even those who are not yet born. We wish for these future generations health and release from this cycle. There is hope\u2014but it depends on recognizing the particular needs of those who carry such inherited wounds, and above all, on the provision of therapeutic care.<\/p>\n<\/details>\n<\/div>\n<\/div>\n\n\n\n<div style=\"height:25px\" aria-hidden=\"true\" class=\"wp-block-spacer\"><\/div>\n\n\n\n<h2 class=\"wp-block-heading\">Scarred by the Holocaust<\/h2>\n\n\n\n<p class=\"has-small-font-size\"><a href=\"http:\/\/www.zuzana-peterova.cz\/\" target=\"_blank\" rel=\"noreferrer noopener\">Zuzana Peterov\u00e1,&nbsp;<\/a>psychotherapist<\/p>\n\n\n\n<div class=\"wp-block-columns is-layout-flex wp-container-core-columns-is-layout-28f84493 wp-block-columns-is-layout-flex\">\n<div class=\"wp-block-column is-layout-flow wp-block-column-is-layout-flow\" style=\"flex-basis:200px\">\n<figure class=\"wp-block-image size-large\"><img loading=\"lazy\" decoding=\"async\" width=\"1024\" height=\"1024\" src=\"https:\/\/www.spolek.org\/wp-content\/uploads\/2025\/07\/babicka-1024x1024.jpg\" alt=\"Babi\u010dka\" class=\"wp-image-286\" srcset=\"https:\/\/www.spolek.org\/wp-content\/uploads\/2025\/07\/babicka-1024x1024.jpg 1024w, https:\/\/www.spolek.org\/wp-content\/uploads\/2025\/07\/babicka-300x300.jpg 300w, https:\/\/www.spolek.org\/wp-content\/uploads\/2025\/07\/babicka-150x150.jpg 150w, https:\/\/www.spolek.org\/wp-content\/uploads\/2025\/07\/babicka-768x768.jpg 768w, https:\/\/www.spolek.org\/wp-content\/uploads\/2025\/07\/babicka-1536x1536.jpg 1536w, https:\/\/www.spolek.org\/wp-content\/uploads\/2025\/07\/babicka.jpg 1607w\" sizes=\"auto, (max-width: 1024px) 100vw, 1024px\" \/><\/figure>\n\n\n\n<p style=\"font-size:0.75rem\">illustrative photo: <a href=\"https:\/\/unsplash.com\/@anyutakejbalo?utm_content=creditCopyText&amp;utm_medium=referral&amp;utm_source=unsplash\">Anna Keibalo<\/a><\/p>\n<\/div>\n\n\n\n<div class=\"wp-block-column is-layout-flow wp-block-column-is-layout-flow\" style=\"flex-basis:66.66%\">\n<p class=\"has-medium-font-size\">\u201eSama jsem na\u0161t\u011bst\u00ed v\u00e1lku nepro\u017eila, ale po\u0159\u00e1d mysl\u00edm na slova m\u00e9 babi\u010dky, kter\u00e1 byla v&nbsp;koncentra\u010dn\u00edm t\u00e1bo\u0159e Osv\u011btim. Vypr\u00e1v\u011bla mi, co pro ni znamen\u00e1 slovo \u201etransport\u201c, nebo \u201ekufr\u201c, do kter\u00e9ho si v\u0161ichni \u017did\u00e9 museli zabalit to nejnutn\u011bj\u0161\u00ed, ne\u017e ode\u0161li do l\u00e1gr\u016f.&#8220;<\/p>\n\n\n\n<p class=\"has-medium-font-size\">And how she still can\u2019t even look at ordinary cooking fat\u2014margarine, the wartime substitute for butter. It was, after all, food from the time of war. She also spoke about how, to this day, she can\u2019t bear waiting for someone who\u2019s late\u2014because that\u2019s exactly what she did, for hours and hours, days and weeks, waiting for all her siblings, her parents, many other relatives and friends. In vain. They never returned.<\/p>\n\n\n\n<details class=\"wp-block-details has-medium-font-size is-layout-flow wp-block-details-is-layout-flow\"><summary>read more<\/summary>\n<p class=\"has-medium-font-size\">These are the words of many of my clients from the so-called second and third generation, who listened to the stories of their family members. And even though they did not experience those hardships themselves, the stories planted deep seeds of fear, anxiety, and uncertainty in their hearts and souls.<\/p>\n\n\n\n<p class=\"has-medium-font-size\">As a psychotherapist, I often meet people in distress who, for various reasons, visit doctors\u2014only to be told, with a tone of reproach, that they have no reason to think about the war or fear the annihilation of their families, because \u201cthe Holocaust was so long ago, everyone has forgotten it by now\u2026\u201d<\/p>\n\n\n\n<p class=\"has-medium-font-size\">They have not forgotten. The descendants of Holocaust survivors are born with a deep-seated fear of violence, with mistrust toward unfamiliar people and situations. It is only through great strength of will that many of them manage to show no outward signs of this throughout most of their lives. But those who are allowed a closer, deeper look into their aching hearts and souls can feel and see just how profound the inherited fear of survival truly is\u2014how great the uncertainty around stable emotional bonds, how strong the anxiety about meeting difficult challenges\u2014just to \u201clive up\u201d to what a superior expects of them.<\/p>\n\n\n\n<p class=\"has-medium-font-size\">Low self-confidence, pervasive fear, and deep mistrust\u2014these are the three constants that accompany the second and third generation of survivors as an indestructible legacy. And while willpower may help mask these emotions more skillfully, it cannot erase them.<\/p>\n<\/details>\n<\/div>\n<\/div>\n<\/div>","protected":false},"excerpt":{"rendered":"<p>Stolpersteine &#8211; kameny zmizel\u00fdch Doslova \u201ekameny, o kter\u00e9 je t\u0159eba klop\u00fdtnout (pohledem)\u201c. Jde o speci\u00e1ln\u00ed dla\u017eebn\u00ed kostky s mosazn\u00fdm povrchem, vsazen\u00e9 do chodn\u00edku p\u0159ed domy ob\u011bt\u00ed holokaustu a nacistick\u00e9ho re\u017eimu. Stolpersteine jsou projektem n\u011bmeck\u00e9ho um\u011blce\u00a0Guntera Demniga. Prvn\u00ed k\u00e1men byl polo\u017een 16. prosince 1992 p\u0159ed radnic\u00ed v\u00a0Kol\u00edn\u011b nad R\u00fdnem. My\u0161lenka se postupn\u011b roz\u0161\u00ed\u0159ila do cel\u00e9 Evropy [&hellip;]<\/p>\n","protected":false},"author":2,"featured_media":0,"parent":0,"menu_order":0,"comment_status":"closed","ping_status":"closed","template":"","meta":{"footnotes":""},"class_list":["post-199","page","type-page","status-publish","hentry"],"_links":{"self":[{"href":"https:\/\/www.spolek.org\/en\/wp-json\/wp\/v2\/pages\/199","targetHints":{"allow":["GET"]}}],"collection":[{"href":"https:\/\/www.spolek.org\/en\/wp-json\/wp\/v2\/pages"}],"about":[{"href":"https:\/\/www.spolek.org\/en\/wp-json\/wp\/v2\/types\/page"}],"author":[{"embeddable":true,"href":"https:\/\/www.spolek.org\/en\/wp-json\/wp\/v2\/users\/2"}],"replies":[{"embeddable":true,"href":"https:\/\/www.spolek.org\/en\/wp-json\/wp\/v2\/comments?post=199"}],"version-history":[{"count":70,"href":"https:\/\/www.spolek.org\/en\/wp-json\/wp\/v2\/pages\/199\/revisions"}],"predecessor-version":[{"id":622,"href":"https:\/\/www.spolek.org\/en\/wp-json\/wp\/v2\/pages\/199\/revisions\/622"}],"wp:attachment":[{"href":"https:\/\/www.spolek.org\/en\/wp-json\/wp\/v2\/media?parent=199"}],"curies":[{"name":"wp","href":"https:\/\/api.w.org\/{rel}","templated":true}]}}