{"id":341,"date":"2025-07-08T20:06:02","date_gmt":"2025-07-08T18:06:02","guid":{"rendered":"https:\/\/www.spolek.org\/test\/?page_id=341"},"modified":"2026-03-09T15:25:46","modified_gmt":"2026-03-09T14:25:46","slug":"o-nas","status":"publish","type":"page","link":"https:\/\/www.spolek.org\/en\/o-nas\/","title":{"rendered":"About Us"},"content":{"rendered":"<div class=\"wp-block-group alignwide has-global-padding is-layout-constrained wp-block-group-is-layout-constrained\">\n<div class=\"wp-block-columns alignwide is-layout-flex wp-container-core-columns-is-layout-28f84493 wp-block-columns-is-layout-flex\">\n<div class=\"wp-block-column has-global-padding is-layout-constrained wp-block-column-is-layout-constrained\">\n<h2 class=\"wp-block-heading\">Mission<\/h2>\n\n\n\n<p class=\"has-medium-font-size\">The Association operates on the principle of voluntarism and is an independent, non-political organization. It carries out its described activities in accordance with Section 214 et seq. of Act No. 89\/2012 Coll. (the Civil Code), as amended, and other legal regulations of the Czech Republic.<\/p>\n\n\n\n<p class=\"has-medium-font-size\">The Association was founded with the purpose of providing public-benefit support and comprehensive care for persons affected by the Holocaust, with the aim of improving their quality of life, particularly in old age. Another public-benefit objective of the association is to support activities that ensure the dignified remembrance of the Holocaust and its victims.<\/p>\n<\/div>\n\n\n\n<div class=\"wp-block-column has-global-padding is-layout-constrained wp-block-column-is-layout-constrained\">\n<div class=\"wp-block-group is-layout-flow wp-block-group-is-layout-flow\" style=\"margin-top:0;margin-bottom:0;padding-top:0;padding-bottom:0\">\n<h2 class=\"wp-block-heading\" style=\"margin-top:0;margin-bottom:0;padding-top:0;padding-bottom:0\">Key Activities<\/h2>\n\n\n\n<ul style=\"padding-right:var(--wp--preset--spacing--30);padding-left:var(--wp--preset--spacing--30)\" class=\"wp-block-list has-medium-font-size\">\n<li>provision of resources to meet the social, cultural, and health needs of persons affected by the Holocaust<\/li>\n\n\n\n<li>contractual arrangement of third-party services to ensure comprehensive care for persons affected by the Holocaust<\/li>\n\n\n\n<li>financial and other support for providers of social and health services for persons affected by the Holocaust<\/li>\n\n\n\n<li>financial and other support for projects commemorating the Holocaust and its victims<\/li>\n\n\n\n<li>financial and other support for the maintenance and restoration of Jewish heritage sites, using donations and grants obtained exclusively for this purpose<\/li>\n<\/ul>\n<\/div>\n<\/div>\n<\/div>\n\n\n\n<div class=\"wp-block-columns alignwide is-layout-flex wp-container-core-columns-is-layout-28f84493 wp-block-columns-is-layout-flex\">\n<div class=\"wp-block-column has-global-padding is-layout-constrained wp-block-column-is-layout-constrained\">\n<div class=\"wp-block-group has-global-padding is-content-justification-left is-layout-constrained wp-container-core-group-is-layout-12dd3699 wp-block-group-is-layout-constrained\">\n<h2 class=\"wp-block-heading\">Bodies of the Association<\/h2>\n\n\n\n<details class=\"wp-block-details has-medium-font-size is-layout-flow wp-block-details-is-layout-flow\"><summary>Members Meeting<\/summary>\n<p class=\"has-medium-font-size\">The members of the Association meet at least once a year for the annual Members Meeting, during which they approve the Annual Report.<\/p>\n<\/details>\n\n\n\n<details class=\"wp-block-details has-medium-font-size is-layout-flow wp-block-details-is-layout-flow\"><summary>Committee of the Association<\/summary>\n<ul style=\"padding-top:0;padding-bottom:0\" class=\"wp-block-list is-style-default has-medium-font-size\">\n<li>Franti\u0161ek B\u00e1nyai, Chairperson<\/li>\n\n\n\n<li>Tom\u00e1\u0161 Pasternak<\/li>\n\n\n\n<li>Roman Lesn\u00fd<\/li>\n\n\n\n<li>Tom\u00e1\u0161 T\u00f6pfer<\/li>\n\n\n\n<li>Charles Wiener<\/li>\n<\/ul>\n<\/details>\n\n\n\n<details class=\"wp-block-details has-medium-font-size is-layout-flow wp-block-details-is-layout-flow\"><summary>Audit Committee<\/summary>\n<ul class=\"wp-block-list has-medium-font-size\">\n<li>David Borges<\/li>\n\n\n\n<li>Josef Viktorjen\u00edk<\/li>\n\n\n\n<li>Viola Jir\u00e1\u010dkov\u00e1<\/li>\n<\/ul>\n<\/details>\n\n\n\n<details class=\"wp-block-details has-medium-font-size is-layout-flow wp-block-details-is-layout-flow\"><summary>Verifier<\/summary>\n<p class=\"has-medium-font-size\">Verifier<\/p>\n<\/details>\n<\/div>\n<\/div>\n\n\n\n<div class=\"wp-block-column has-global-padding is-layout-constrained wp-block-column-is-layout-constrained\">\n<div class=\"wp-block-group has-global-padding is-content-justification-left is-layout-constrained wp-container-core-group-is-layout-12dd3699 wp-block-group-is-layout-constrained\">\n<h1 class=\"wp-block-heading has-x-large-font-size\">Documents<\/h1>\n\n\n\n<div class=\"wp-block-columns is-layout-flex wp-container-core-columns-is-layout-28f84493 wp-block-columns-is-layout-flex\">\n<div class=\"wp-block-column is-layout-flow wp-block-column-is-layout-flow\">\n<div class=\"wp-block-group is-vertical is-layout-flex wp-container-core-group-is-layout-98bb686d wp-block-group-is-layout-flex\">\n<h2 class=\"wp-block-heading has-large-font-size\">Articles of Association<\/h2>\n\n\n\n<div class=\"wp-block-group is-horizontal is-content-justification-center is-nowrap is-layout-flex wp-container-core-group-is-layout-2256e7f1 wp-block-group-is-layout-flex\">\n<figure class=\"wp-block-image size-full is-resized pdf-icon\"><a href=\"https:\/\/www.spolek.org\/wp-content\/uploads\/2025\/06\/Stanovy-Spolku-2025.pdf\" target=\"_blank\" rel=\"noopener noreferrer\"><img loading=\"lazy\" decoding=\"async\" width=\"512\" height=\"512\" src=\"https:\/\/www.spolek.org\/wp-content\/uploads\/2025\/06\/pdf.png\" alt=\"ikona PDF\" class=\"wp-image-18\" style=\"width:40px\" srcset=\"https:\/\/www.spolek.org\/wp-content\/uploads\/2025\/06\/pdf.png 512w, https:\/\/www.spolek.org\/wp-content\/uploads\/2025\/06\/pdf-300x300.png 300w, https:\/\/www.spolek.org\/wp-content\/uploads\/2025\/06\/pdf-150x150.png 150w\" sizes=\"auto, (max-width: 512px) 100vw, 512px\" \/><\/a><figcaption class=\"wp-element-caption\">    CZ<\/figcaption><\/figure>\n\n\n\n<figure class=\"wp-block-image size-full is-resized\"><a href=\"https:\/\/www.spolek.org\/wp-content\/uploads\/2025\/06\/ARTICLE-of-the-Association-2025.pdf\" target=\"_blank\" rel=\"noopener noreferrer\"><img loading=\"lazy\" decoding=\"async\" width=\"512\" height=\"512\" src=\"https:\/\/www.spolek.org\/wp-content\/uploads\/2025\/06\/pdf.png\" alt=\"PDF icon\" class=\"wp-image-18\" style=\"width:40px;height:auto\" srcset=\"https:\/\/www.spolek.org\/wp-content\/uploads\/2025\/06\/pdf.png 512w, https:\/\/www.spolek.org\/wp-content\/uploads\/2025\/06\/pdf-300x300.png 300w, https:\/\/www.spolek.org\/wp-content\/uploads\/2025\/06\/pdf-150x150.png 150w\" sizes=\"auto, (max-width: 512px) 100vw, 512px\" \/><\/a><figcaption class=\"wp-element-caption\">EN<\/figcaption><\/figure>\n<\/div>\n<\/div>\n\n\n\n<div class=\"wp-block-group is-vertical is-layout-flex wp-container-core-group-is-layout-98bb686d wp-block-group-is-layout-flex\">\n<h2 class=\"wp-block-heading has-large-font-size\">Annual Reports<\/h2>\n\n\n\n<div class=\"wp-block-group is-nowrap is-layout-flex wp-container-core-group-is-layout-6c531013 wp-block-group-is-layout-flex\">\n<figure class=\"wp-block-image size-full is-resized\"><a href=\"https:\/\/www.spolek.org\/wp-content\/uploads\/2026\/03\/Vyrocni-zprava-za-rok-2025.pdf\" target=\"_blank\" rel=\" noreferrer noopener\"><img loading=\"lazy\" decoding=\"async\" width=\"512\" height=\"512\" src=\"https:\/\/www.spolek.org\/wp-content\/uploads\/2025\/06\/pdf.png\" alt=\"ikona pdf\" class=\"wp-image-18\" style=\"width:40px\" srcset=\"https:\/\/www.spolek.org\/wp-content\/uploads\/2025\/06\/pdf.png 512w, https:\/\/www.spolek.org\/wp-content\/uploads\/2025\/06\/pdf-300x300.png 300w, https:\/\/www.spolek.org\/wp-content\/uploads\/2025\/06\/pdf-150x150.png 150w\" sizes=\"auto, (max-width: 512px) 100vw, 512px\" \/><\/a><figcaption class=\"wp-element-caption\">2025<\/figcaption><\/figure>\n<\/div>\n\n\n\n<div class=\"wp-block-group is-nowrap is-layout-flex wp-container-core-group-is-layout-6c531013 wp-block-group-is-layout-flex\">\n<figure class=\"wp-block-image size-full is-resized\"><a href=\"https:\/\/www.spolek.org\/wp-content\/uploads\/2025\/06\/Vyrocni-zprava-2024.pdf\"><img loading=\"lazy\" decoding=\"async\" width=\"512\" height=\"512\" src=\"https:\/\/www.spolek.org\/wp-content\/uploads\/2025\/06\/pdf.png\" alt=\"ikona pdf\" class=\"wp-image-18\" style=\"width:40px\" srcset=\"https:\/\/www.spolek.org\/wp-content\/uploads\/2025\/06\/pdf.png 512w, https:\/\/www.spolek.org\/wp-content\/uploads\/2025\/06\/pdf-300x300.png 300w, https:\/\/www.spolek.org\/wp-content\/uploads\/2025\/06\/pdf-150x150.png 150w\" sizes=\"auto, (max-width: 512px) 100vw, 512px\" \/><\/a><figcaption class=\"wp-element-caption\">  2024<\/figcaption><\/figure>\n\n\n\n<figure class=\"wp-block-image size-full is-resized\"><a href=\"https:\/\/www.spolek.org\/wp-content\/uploads\/2026\/01\/Vyrocni-zprava-2023.pdf\"><img loading=\"lazy\" decoding=\"async\" width=\"512\" height=\"512\" src=\"https:\/\/www.spolek.org\/wp-content\/uploads\/2025\/06\/pdf.png\" alt=\"ikona pdf\" class=\"wp-image-18\" style=\"width:40px\" srcset=\"https:\/\/www.spolek.org\/wp-content\/uploads\/2025\/06\/pdf.png 512w, https:\/\/www.spolek.org\/wp-content\/uploads\/2025\/06\/pdf-300x300.png 300w, https:\/\/www.spolek.org\/wp-content\/uploads\/2025\/06\/pdf-150x150.png 150w\" sizes=\"auto, (max-width: 512px) 100vw, 512px\" \/><\/a><figcaption class=\"wp-element-caption\">  2023<\/figcaption><\/figure>\n\n\n\n<figure class=\"wp-block-image size-full is-resized\"><a href=\"https:\/\/www.spolek.org\/wp-content\/uploads\/2026\/01\/Vyrocni-zprava-2022.pdf\"><img loading=\"lazy\" decoding=\"async\" width=\"512\" height=\"512\" src=\"https:\/\/www.spolek.org\/wp-content\/uploads\/2025\/06\/pdf.png\" alt=\"ikona pdf\" class=\"wp-image-18\" style=\"width:40px\" srcset=\"https:\/\/www.spolek.org\/wp-content\/uploads\/2025\/06\/pdf.png 512w, https:\/\/www.spolek.org\/wp-content\/uploads\/2025\/06\/pdf-300x300.png 300w, https:\/\/www.spolek.org\/wp-content\/uploads\/2025\/06\/pdf-150x150.png 150w\" sizes=\"auto, (max-width: 512px) 100vw, 512px\" \/><\/a><figcaption class=\"wp-element-caption\">  2022<\/figcaption><\/figure>\n\n\n\n<figure class=\"wp-block-image size-full is-resized\"><a href=\"https:\/\/www.spolek.org\/wp-content\/uploads\/2026\/01\/Vyrocni-zprava-2021.pdf\"><img loading=\"lazy\" decoding=\"async\" width=\"512\" height=\"512\" src=\"https:\/\/www.spolek.org\/wp-content\/uploads\/2025\/06\/pdf.png\" alt=\"ikona pdf\" class=\"wp-image-18\" style=\"width:40px\" srcset=\"https:\/\/www.spolek.org\/wp-content\/uploads\/2025\/06\/pdf.png 512w, https:\/\/www.spolek.org\/wp-content\/uploads\/2025\/06\/pdf-300x300.png 300w, https:\/\/www.spolek.org\/wp-content\/uploads\/2025\/06\/pdf-150x150.png 150w\" sizes=\"auto, (max-width: 512px) 100vw, 512px\" \/><\/a><figcaption class=\"wp-element-caption\">  2021<\/figcaption><\/figure>\n\n\n\n<figure class=\"wp-block-image size-full is-resized\"><a href=\"https:\/\/www.spolek.org\/wp-content\/uploads\/2026\/01\/Vyrocni-zprava-2020.pdf\"><img loading=\"lazy\" decoding=\"async\" width=\"512\" height=\"512\" src=\"https:\/\/www.spolek.org\/wp-content\/uploads\/2025\/06\/pdf.png\" alt=\"ikona pdf\" class=\"wp-image-18\" style=\"width:40px\" srcset=\"https:\/\/www.spolek.org\/wp-content\/uploads\/2025\/06\/pdf.png 512w, https:\/\/www.spolek.org\/wp-content\/uploads\/2025\/06\/pdf-300x300.png 300w, https:\/\/www.spolek.org\/wp-content\/uploads\/2025\/06\/pdf-150x150.png 150w\" sizes=\"auto, (max-width: 512px) 100vw, 512px\" \/><\/a><figcaption class=\"wp-element-caption\">  2020<\/figcaption><\/figure>\n<\/div>\n\n\n\n<div class=\"wp-block-group is-nowrap is-layout-flex wp-container-core-group-is-layout-6c531013 wp-block-group-is-layout-flex\">\n<figure class=\"wp-block-image size-full is-resized\"><a href=\"https:\/\/www.spolek.org\/wp-content\/uploads\/2026\/01\/Vyrocni-zprava-2019.pdf\"><img loading=\"lazy\" decoding=\"async\" width=\"512\" height=\"512\" src=\"https:\/\/www.spolek.org\/wp-content\/uploads\/2025\/06\/pdf.png\" alt=\"ikona pdf\" class=\"wp-image-18\" style=\"width:40px\" srcset=\"https:\/\/www.spolek.org\/wp-content\/uploads\/2025\/06\/pdf.png 512w, https:\/\/www.spolek.org\/wp-content\/uploads\/2025\/06\/pdf-300x300.png 300w, https:\/\/www.spolek.org\/wp-content\/uploads\/2025\/06\/pdf-150x150.png 150w\" sizes=\"auto, (max-width: 512px) 100vw, 512px\" \/><\/a><figcaption class=\"wp-element-caption\">  2019<\/figcaption><\/figure>\n\n\n\n<figure class=\"wp-block-image size-full is-resized\"><a href=\"https:\/\/www.spolek.org\/wp-content\/uploads\/2026\/01\/Vyrocni-zprava-2018.pdf\"><img loading=\"lazy\" decoding=\"async\" width=\"512\" height=\"512\" src=\"https:\/\/www.spolek.org\/wp-content\/uploads\/2025\/06\/pdf.png\" alt=\"ikona pdf\" class=\"wp-image-18\" style=\"width:40px\" srcset=\"https:\/\/www.spolek.org\/wp-content\/uploads\/2025\/06\/pdf.png 512w, https:\/\/www.spolek.org\/wp-content\/uploads\/2025\/06\/pdf-300x300.png 300w, https:\/\/www.spolek.org\/wp-content\/uploads\/2025\/06\/pdf-150x150.png 150w\" sizes=\"auto, (max-width: 512px) 100vw, 512px\" \/><\/a><figcaption class=\"wp-element-caption\">2018<\/figcaption><\/figure>\n\n\n\n<figure class=\"wp-block-image size-full is-resized\"><a href=\"https:\/\/www.spolek.org\/wp-content\/uploads\/2026\/01\/Vyrocni-zprava-2017.pdf\"><img loading=\"lazy\" decoding=\"async\" width=\"512\" height=\"512\" src=\"https:\/\/www.spolek.org\/wp-content\/uploads\/2025\/06\/pdf.png\" alt=\"ikona pdf\" class=\"wp-image-18\" style=\"width:40px\" srcset=\"https:\/\/www.spolek.org\/wp-content\/uploads\/2025\/06\/pdf.png 512w, https:\/\/www.spolek.org\/wp-content\/uploads\/2025\/06\/pdf-300x300.png 300w, https:\/\/www.spolek.org\/wp-content\/uploads\/2025\/06\/pdf-150x150.png 150w\" sizes=\"auto, (max-width: 512px) 100vw, 512px\" \/><\/a><figcaption class=\"wp-element-caption\">2017<\/figcaption><\/figure>\n\n\n\n<figure class=\"wp-block-image size-full is-resized\"><a href=\"https:\/\/www.spolek.org\/wp-content\/uploads\/2026\/01\/Vyrocni-zprava-2016.pdf\"><img loading=\"lazy\" decoding=\"async\" width=\"512\" height=\"512\" src=\"https:\/\/www.spolek.org\/wp-content\/uploads\/2025\/06\/pdf.png\" alt=\"ikona pdf\" class=\"wp-image-18\" style=\"width:40px\" srcset=\"https:\/\/www.spolek.org\/wp-content\/uploads\/2025\/06\/pdf.png 512w, https:\/\/www.spolek.org\/wp-content\/uploads\/2025\/06\/pdf-300x300.png 300w, https:\/\/www.spolek.org\/wp-content\/uploads\/2025\/06\/pdf-150x150.png 150w\" sizes=\"auto, (max-width: 512px) 100vw, 512px\" \/><\/a><figcaption class=\"wp-element-caption\">  2016<\/figcaption><\/figure>\n\n\n\n<figure class=\"wp-block-image size-full is-resized\"><a href=\"https:\/\/www.spolek.org\/wp-content\/uploads\/2026\/01\/Vyrocni-zprava-2015.pdf\"><img loading=\"lazy\" decoding=\"async\" width=\"512\" height=\"512\" src=\"https:\/\/www.spolek.org\/wp-content\/uploads\/2025\/06\/pdf.png\" alt=\"ikona pdf\" class=\"wp-image-18\" style=\"width:40px\" srcset=\"https:\/\/www.spolek.org\/wp-content\/uploads\/2025\/06\/pdf.png 512w, https:\/\/www.spolek.org\/wp-content\/uploads\/2025\/06\/pdf-300x300.png 300w, https:\/\/www.spolek.org\/wp-content\/uploads\/2025\/06\/pdf-150x150.png 150w\" sizes=\"auto, (max-width: 512px) 100vw, 512px\" \/><\/a><figcaption class=\"wp-element-caption\">  2015<\/figcaption><\/figure>\n<\/div>\n<\/div>\n<\/div>\n\n\n\n<div class=\"wp-block-column is-layout-flow wp-block-column-is-layout-flow\">\n<div class=\"wp-block-group is-vertical is-layout-flex wp-container-core-group-is-layout-98bb686d wp-block-group-is-layout-flex\">\n<h2 class=\"wp-block-heading has-large-font-size\">Meetings Minutes<\/h2>\n\n\n\n<div class=\"wp-block-group is-nowrap is-layout-flex wp-container-core-group-is-layout-6c531013 wp-block-group-is-layout-flex\">\n<figure class=\"wp-block-image size-full is-resized\"><a href=\"https:\/\/www.spolek.org\/wp-content\/uploads\/2025\/12\/Zapis-ze-schuze-2025-12-18.pdf\" target=\"_blank\" rel=\" noreferrer noopener\"><img loading=\"lazy\" decoding=\"async\" width=\"512\" height=\"512\" src=\"https:\/\/www.spolek.org\/wp-content\/uploads\/2025\/06\/pdf.png\" alt=\"ikona pdf\" class=\"wp-image-18\" style=\"width:40px\" srcset=\"https:\/\/www.spolek.org\/wp-content\/uploads\/2025\/06\/pdf.png 512w, https:\/\/www.spolek.org\/wp-content\/uploads\/2025\/06\/pdf-300x300.png 300w, https:\/\/www.spolek.org\/wp-content\/uploads\/2025\/06\/pdf-150x150.png 150w\" sizes=\"auto, (max-width: 512px) 100vw, 512px\" \/><\/a><figcaption class=\"wp-element-caption\">18. 12. 2025<\/figcaption><\/figure>\n\n\n\n<figure class=\"wp-block-image size-full is-resized\"><a href=\"https:\/\/www.spolek.org\/wp-content\/uploads\/2026\/03\/Zapis-ze-schuze-Spolku-2026-02-24.pdf\" target=\"_blank\" rel=\" noreferrer noopener\"><img loading=\"lazy\" decoding=\"async\" width=\"512\" height=\"512\" src=\"https:\/\/www.spolek.org\/wp-content\/uploads\/2025\/06\/pdf.png\" alt=\"ikona pdf\" class=\"wp-image-18\" style=\"width:40px\" srcset=\"https:\/\/www.spolek.org\/wp-content\/uploads\/2025\/06\/pdf.png 512w, https:\/\/www.spolek.org\/wp-content\/uploads\/2025\/06\/pdf-300x300.png 300w, https:\/\/www.spolek.org\/wp-content\/uploads\/2025\/06\/pdf-150x150.png 150w\" sizes=\"auto, (max-width: 512px) 100vw, 512px\" \/><\/a><figcaption class=\"wp-element-caption\">24. 2. 2026<\/figcaption><\/figure>\n<\/div>\n<\/div>\n\n\n\n<div class=\"wp-block-group is-vertical is-layout-flex wp-container-core-group-is-layout-98bb686d wp-block-group-is-layout-flex\">\n<h2 class=\"wp-block-heading has-large-font-size\">Financial Results<\/h2>\n\n\n\n<div class=\"wp-block-group is-nowrap is-layout-flex wp-container-core-group-is-layout-6c531013 wp-block-group-is-layout-flex\">\n<figure class=\"wp-block-image size-full is-resized\"><a href=\"https:\/\/www.spolek.org\/wp-content\/uploads\/2026\/01\/Rozvaha-a-vysledovka-2025.pdf\" target=\"_blank\" rel=\" noreferrer noopener\"><img loading=\"lazy\" decoding=\"async\" width=\"512\" height=\"512\" src=\"https:\/\/www.spolek.org\/wp-content\/uploads\/2025\/06\/pdf.png\" alt=\"ikona pdf\" class=\"wp-image-18\" style=\"width:40px\" srcset=\"https:\/\/www.spolek.org\/wp-content\/uploads\/2025\/06\/pdf.png 512w, https:\/\/www.spolek.org\/wp-content\/uploads\/2025\/06\/pdf-300x300.png 300w, https:\/\/www.spolek.org\/wp-content\/uploads\/2025\/06\/pdf-150x150.png 150w\" sizes=\"auto, (max-width: 512px) 100vw, 512px\" \/><\/a><figcaption class=\"wp-element-caption\">2025<\/figcaption><\/figure>\n<\/div>\n<\/div>\n<\/div>\n<\/div>\n<\/div>\n<\/div>\n<\/div>\n<\/div>","protected":false},"excerpt":{"rendered":"<p>Posl\u00e1n\u00ed Spolek funguje na principu dobrovolnosti, je samostatnou nepolitickou organizac\u00ed, popsanou \u010dinnost vyv\u00edj\u00ed v souladu s ustanoven\u00edm \u00a7 214 a n\u00e1sl. z\u00e1kona \u010d. 89\/2012 Sb. (Ob\u010dansk\u00fd z\u00e1kon\u00edk) v aktu\u00e1ln\u00edm zn\u011bn\u00ed a dal\u0161\u00edmi pr\u00e1vn\u00edmi p\u0159edpisy \u010cesk\u00e9 republiky. Spolek je zalo\u017een za \u00fa\u010delem ve\u0159ejn\u011b prosp\u011b\u0161n\u00e9 v\u0161estrann\u00e9 podpory a p\u00e9\u010de o osoby dot\u010den\u00e9 holocaustem s c\u00edlem zkvalitn\u011bn\u00ed jejich [&hellip;]<\/p>\n","protected":false},"author":2,"featured_media":0,"parent":0,"menu_order":0,"comment_status":"closed","ping_status":"closed","template":"","meta":{"footnotes":""},"class_list":["post-341","page","type-page","status-publish","hentry"],"_links":{"self":[{"href":"https:\/\/www.spolek.org\/en\/wp-json\/wp\/v2\/pages\/341","targetHints":{"allow":["GET"]}}],"collection":[{"href":"https:\/\/www.spolek.org\/en\/wp-json\/wp\/v2\/pages"}],"about":[{"href":"https:\/\/www.spolek.org\/en\/wp-json\/wp\/v2\/types\/page"}],"author":[{"embeddable":true,"href":"https:\/\/www.spolek.org\/en\/wp-json\/wp\/v2\/users\/2"}],"replies":[{"embeddable":true,"href":"https:\/\/www.spolek.org\/en\/wp-json\/wp\/v2\/comments?post=341"}],"version-history":[{"count":52,"href":"https:\/\/www.spolek.org\/en\/wp-json\/wp\/v2\/pages\/341\/revisions"}],"predecessor-version":[{"id":744,"href":"https:\/\/www.spolek.org\/en\/wp-json\/wp\/v2\/pages\/341\/revisions\/744"}],"wp:attachment":[{"href":"https:\/\/www.spolek.org\/en\/wp-json\/wp\/v2\/media?parent=341"}],"curies":[{"name":"wp","href":"https:\/\/api.w.org\/{rel}","templated":true}]}}